{"id":2,"date":"2009-03-06T18:37:50","date_gmt":"2009-03-06T17:37:50","guid":{"rendered":"http:\/\/alarue.org\/blog\/?page_id=2"},"modified":"2009-03-08T23:57:22","modified_gmt":"2009-03-08T22:57:22","slug":"a-propos","status":"publish","type":"page","link":"http:\/\/alarue.org\/blog\/a-propos\/","title":{"rendered":"\u00c0 propos"},"content":{"rendered":"<div id=\"fb_share_1\" style=\"float: right; margin-left: 10px;;width: 55px;\" name=\"fb_share\"><div id=\"fb-root\"><\/div><script src=\"http:\/\/connect.facebook.net\/en_US\/all.js#appId=125029517579627&amp;xfbml=1\"><\/script><fb:like href=\"http:\/\/alarue.org\/blog\/a-propos\/\" send=\"false\" layout=\"box_count\" width=\"55\" show_faces=\"false\" font=\"arial\"><\/fb:like><\/div><p>Depuis leur fameux expos\u00e9 sur les incas, les ruemens avaient d\u00e9cid\u00e9 de prendre leur revanche, et voil\u00e0 qu&rsquo;exactement 8 ans plus tard un blog apparut pour d\u00e9truire un monde qui n&rsquo;eut cesse de leur \u00e9chapper &#8211; et qui leur \u00e9chappera encore pendant de longues ann\u00e9es.<\/p>\n<p>Des critiques de tout ce qui bouge, ou pas.<\/p>\n<p>En fait les ruemens auraient aim\u00e9 \u00eatre critiques rock, \u00e7a c&rsquo;est un boulot qui fait r\u00eaver, surtout par les temps qui courent, le travail \u00e9tant facilit\u00e9 \u00e0 90% par les trucs bidons ou \u00ab\u00a0pseudo rock \u00e0 deux balles\u00a0\u00bb, mais qu&rsquo;on te dira que c&rsquo;est des artistes g\u00e9niaux quand m\u00eame.<\/p>\n<p>Les ruemens auraient \u00e9galement aim\u00e9 \u00eatre critiques de jeux vid\u00e9o, car ils ont \u00e9t\u00e9 nourris \u00e0 consoles+ et pensaient qu&rsquo;ils n&rsquo;auraient jamais l&rsquo;occasion de jouer \u00e0 la n\u00e9og\u00e9o autrement. Perspective qui fut bouch\u00e9e par le souhait de 90000 autres personnes.<\/p>\n<p>Les ruemens auraient aim\u00e9 \u00eatre critiques de produits lidl, mais ce job n&rsquo;existe pas encore de nos jours, et c&rsquo;est un profond g\u00e2chis que personne \u00e0 part nous m\u00eames ait eu l&rsquo;id\u00e9e de mener un d\u00e9bat si profond. Sugar land ou R\u00e9galad ? Gingivite ou carie ?<\/p>\n<p>Bref, des pages pleines de divigations obscures, de private joke alternatives. Un bon morceau de rue dans tes dents !<\/p>\n","protected":false},"excerpt":{"rendered":"<p>Depuis leur fameux expos\u00e9 sur les incas, les ruemens avaient d\u00e9cid\u00e9 de prendre leur revanche, et voil\u00e0 qu&rsquo;exactement 8 ans plus tard un blog apparut pour d\u00e9truire un monde qui n&rsquo;eut cesse de leur \u00e9chapper &#8211; et qui leur \u00e9chappera encore pendant de longues ann\u00e9es. Des critiques de tout ce qui bouge, ou pas. En [&hellip;]<\/p>\n","protected":false},"author":1,"featured_media":0,"parent":0,"menu_order":0,"comment_status":"closed","ping_status":"open","template":"","meta":[],"_links":{"self":[{"href":"http:\/\/alarue.org\/blog\/wp-json\/wp\/v2\/pages\/2"}],"collection":[{"href":"http:\/\/alarue.org\/blog\/wp-json\/wp\/v2\/pages"}],"about":[{"href":"http:\/\/alarue.org\/blog\/wp-json\/wp\/v2\/types\/page"}],"author":[{"embeddable":true,"href":"http:\/\/alarue.org\/blog\/wp-json\/wp\/v2\/users\/1"}],"replies":[{"embeddable":true,"href":"http:\/\/alarue.org\/blog\/wp-json\/wp\/v2\/comments?post=2"}],"version-history":[{"count":5,"href":"http:\/\/alarue.org\/blog\/wp-json\/wp\/v2\/pages\/2\/revisions"}],"predecessor-version":[{"id":8,"href":"http:\/\/alarue.org\/blog\/wp-json\/wp\/v2\/pages\/2\/revisions\/8"}],"wp:attachment":[{"href":"http:\/\/alarue.org\/blog\/wp-json\/wp\/v2\/media?parent=2"}],"curies":[{"name":"wp","href":"https:\/\/api.w.org\/{rel}","templated":true}]}}